{"id":48,"date":"2025-10-16T09:03:24","date_gmt":"2025-10-16T07:03:24","guid":{"rendered":"https:\/\/babybild-sfgam.wpcomstaging.com\/posts\/"},"modified":"2025-10-16T09:03:24","modified_gmt":"2025-10-16T07:03:24","slug":"posts","status":"publish","type":"page","link":"https:\/\/rosenbonan.se\/intrepid\/?page_id=48","title":{"rendered":"Protokoll"},"content":{"rendered":"\n<div class=\"wp-block-group alignfull is-style-default is-content-justification-center\" id=\"page-title-section\" style=\"margin-top:0;margin-bottom:0;padding-top:var(--wp--preset--spacing--40);padding-bottom:var(--wp--preset--spacing--40)\"><div class=\"wp-block-group__inner-container is-layout-constrained wp-block-group-is-layout-constrained\">\n<div class=\"wp-block-columns alignwide is-layout-flex wp-container-core-columns-is-layout-480729ec wp-block-columns-is-layout-flex\">\n<div class=\"wp-block-column is-vertically-aligned-bottom is-layout-flow wp-block-column-is-layout-flow\">\n<figure class=\"wp-block-image size-full\"><img decoding=\"async\" src=\"http:\/\/rosenbonan.se\/wp-content\/uploads\/2025\/10\/bostadsrattsforening.jpeg\" alt=\"Secured entrance interacting with text reader. secured entrance at an office building or dwelling interactive with elderly...\" style=\"aspect-ratio:3\/4;object-fit:cover\" \/><\/figure>\n<\/div>\n\n\n\n<div class=\"wp-block-column is-vertically-aligned-center is-content-justification-left is-layout-constrained wp-container-core-column-is-layout-635e751a wp-block-column-is-layout-constrained\">\n<h2 class=\"wp-block-heading has-xx-large-font-size\">Styrelsens protokoll och viktiga dokument<\/h2>\n\n\n\n<p class=\"has-medium-font-size\">H\u00e4r kan du som medlem i bostadsr\u00e4ttsf\u00f6reningen ta del av publicerade protokoll fr\u00e5n styrelsens m\u00f6ten samt andra viktiga dokument som r\u00f6r f\u00f6reningens verksamhet och f\u00f6rvaltning.<\/p>\n<\/div>\n<\/div>\n<\/div><\/div>\n\n\n\n<div class=\"wp-block-group alignfull is-style-default is-content-justification-center\" id=\"posts-section\" style=\"margin-top:0;margin-bottom:0;padding-top:var(--wp--preset--spacing--50);padding-bottom:var(--wp--preset--spacing--30)\"><div class=\"wp-block-group__inner-container is-layout-constrained wp-block-group-is-layout-constrained\">\n<div class=\"wp-block-columns alignwide is-layout-flex wp-container-core-columns-is-layout-30f78326 wp-block-columns-is-layout-flex\">\n<div class=\"wp-block-column is-layout-flow wp-block-column-is-layout-flow\">\n<div class=\"wp-block-group\"><div class=\"wp-block-group__inner-container is-layout-constrained wp-block-group-is-layout-constrained\">\n<h2 class=\"wp-block-heading wp-container-content-958eb9dc\">Protokoll och beslut<\/h2>\n<\/div><\/div>\n\n\n\n<p>H\u00e4r hittar du publicerade styrelseprotokoll och viktiga dokument f\u00f6r bostadsr\u00e4ttsf\u00f6reningen.<\/p>\n<\/div>\n\n\n\n<div class=\"wp-block-column is-layout-flow wp-block-column-is-layout-flow\" style=\"flex-basis:66%\">\n<div data-wp-context=\"{}\" data-wp-interactive=\"core\/query\" data-wp-key=\"9\" data-wp-router-region=\"query-9\" class=\"wp-block-query alignwide is-layout-flow wp-block-query-is-layout-flow\"><ul class=\"columns-2 wp-block-post-template is-layout-grid wp-container-core-post-template-is-layout-d731f83b wp-block-post-template-is-layout-grid\"><li data-wp-key=\"post-template-item-1\" class=\"wp-block-post post-1 post type-post status-publish format-standard hentry category-uncategorized\">\n\n<div class=\"wp-block-group\"><div class=\"wp-block-group__inner-container is-layout-flow wp-block-group-is-layout-flow\">\n\n\n<div class=\"wp-block-group is-vertical is-layout-flex wp-container-core-group-is-layout-333bb064 wp-block-group-is-layout-flex\"><h3 class=\"no-underline wp-block-post-title has-medium-font-size\"><a href=\"https:\/\/rosenbonan.se\/intrepid\/?p=1\" target=\"_self\" >test<\/a><\/h3>\n\n<div class=\"taxonomy-category has-link-color no-underline wp-elements-d7abaae283b6e136badd1b8084ac190f wp-block-post-terms has-text-color has-secondary-color\"><a href=\"https:\/\/rosenbonan.se\/intrepid\/?cat=1\" rel=\"tag\">Uncategorized<\/a><\/div><\/div>\n\n\n\n<div style=\"height:var(--wp--preset--spacing--20)\" aria-hidden=\"true\" class=\"wp-block-spacer\"><\/div>\n<\/div><\/div>\n\n<\/li><li data-wp-key=\"post-template-item-9\" class=\"wp-block-post post-9 post type-post status-publish format-standard has-post-thumbnail hentry category-uncategorized\">\n\n<div class=\"wp-block-group\"><div class=\"wp-block-group__inner-container is-layout-flow wp-block-group-is-layout-flow\"><figure style=\"aspect-ratio:1;\" class=\"wp-block-post-featured-image\"><img loading=\"lazy\" decoding=\"async\" width=\"800\" height=\"533\" src=\"https:\/\/rosenbonan.se\/intrepid\/wp-content\/uploads\/2025\/10\/emotion-wheel.jpg\" class=\"attachment-post-thumbnail size-post-thumbnail wp-post-image\" alt=\"\" style=\"width:100%;height:100%;object-fit:cover;\" srcset=\"https:\/\/rosenbonan.se\/intrepid\/wp-content\/uploads\/2025\/10\/emotion-wheel.jpg 800w, https:\/\/rosenbonan.se\/intrepid\/wp-content\/uploads\/2025\/10\/emotion-wheel-300x200.jpg 300w, https:\/\/rosenbonan.se\/intrepid\/wp-content\/uploads\/2025\/10\/emotion-wheel-768x512.jpg 768w\" sizes=\"auto, 100vw\" \/><\/figure>\n\n\n<div class=\"wp-block-group is-vertical is-layout-flex wp-container-core-group-is-layout-333bb064 wp-block-group-is-layout-flex\"><h3 class=\"no-underline wp-block-post-title has-medium-font-size\"><a href=\"https:\/\/rosenbonan.se\/intrepid\/?p=9\" target=\"_self\" >Konsten att skapa f\u00f6rbindelser<\/a><\/h3>\n\n<div class=\"taxonomy-category has-link-color no-underline wp-elements-d7abaae283b6e136badd1b8084ac190f wp-block-post-terms has-text-color has-secondary-color\"><a href=\"https:\/\/rosenbonan.se\/intrepid\/?cat=1\" rel=\"tag\">Uncategorized<\/a><\/div><\/div>\n\n\n\n<div style=\"height:var(--wp--preset--spacing--20)\" aria-hidden=\"true\" class=\"wp-block-spacer\"><\/div>\n<\/div><\/div>\n\n<\/li><li data-wp-key=\"post-template-item-10\" class=\"wp-block-post post-10 post type-post status-publish format-standard has-post-thumbnail hentry category-uncategorized\">\n\n<div class=\"wp-block-group\"><div class=\"wp-block-group__inner-container is-layout-flow wp-block-group-is-layout-flow\"><figure style=\"aspect-ratio:1;\" class=\"wp-block-post-featured-image\"><img loading=\"lazy\" decoding=\"async\" width=\"800\" height=\"533\" src=\"https:\/\/rosenbonan.se\/intrepid\/wp-content\/uploads\/2025\/10\/emotion-wheel.jpg\" class=\"attachment-post-thumbnail size-post-thumbnail wp-post-image\" alt=\"\" style=\"width:100%;height:100%;object-fit:cover;\" srcset=\"https:\/\/rosenbonan.se\/intrepid\/wp-content\/uploads\/2025\/10\/emotion-wheel.jpg 800w, https:\/\/rosenbonan.se\/intrepid\/wp-content\/uploads\/2025\/10\/emotion-wheel-300x200.jpg 300w, https:\/\/rosenbonan.se\/intrepid\/wp-content\/uploads\/2025\/10\/emotion-wheel-768x512.jpg 768w\" sizes=\"auto, 100vw\" \/><\/figure>\n\n\n<div class=\"wp-block-group is-vertical is-layout-flex wp-container-core-group-is-layout-333bb064 wp-block-group-is-layout-flex\"><h3 class=\"no-underline wp-block-post-title has-medium-font-size\"><a href=\"https:\/\/rosenbonan.se\/intrepid\/?p=10\" target=\"_self\" >Bortom hindret<\/a><\/h3>\n\n<div class=\"taxonomy-category has-link-color no-underline wp-elements-d7abaae283b6e136badd1b8084ac190f wp-block-post-terms has-text-color has-secondary-color\"><a href=\"https:\/\/rosenbonan.se\/intrepid\/?cat=1\" rel=\"tag\">Uncategorized<\/a><\/div><\/div>\n\n\n\n<div style=\"height:var(--wp--preset--spacing--20)\" aria-hidden=\"true\" class=\"wp-block-spacer\"><\/div>\n<\/div><\/div>\n\n<\/li><li data-wp-key=\"post-template-item-11\" class=\"wp-block-post post-11 post type-post status-publish format-standard has-post-thumbnail hentry category-uncategorized\">\n\n<div class=\"wp-block-group\"><div class=\"wp-block-group__inner-container is-layout-flow wp-block-group-is-layout-flow\"><figure style=\"aspect-ratio:1;\" class=\"wp-block-post-featured-image\"><img loading=\"lazy\" decoding=\"async\" width=\"800\" height=\"533\" src=\"https:\/\/rosenbonan.se\/intrepid\/wp-content\/uploads\/2025\/10\/emotion-wheel.jpg\" class=\"attachment-post-thumbnail size-post-thumbnail wp-post-image\" alt=\"\" style=\"width:100%;height:100%;object-fit:cover;\" srcset=\"https:\/\/rosenbonan.se\/intrepid\/wp-content\/uploads\/2025\/10\/emotion-wheel.jpg 800w, https:\/\/rosenbonan.se\/intrepid\/wp-content\/uploads\/2025\/10\/emotion-wheel-300x200.jpg 300w, https:\/\/rosenbonan.se\/intrepid\/wp-content\/uploads\/2025\/10\/emotion-wheel-768x512.jpg 768w\" sizes=\"auto, 100vw\" \/><\/figure>\n\n\n<div class=\"wp-block-group is-vertical is-layout-flex wp-container-core-group-is-layout-333bb064 wp-block-group-is-layout-flex\"><h3 class=\"no-underline wp-block-post-title has-medium-font-size\"><a href=\"https:\/\/rosenbonan.se\/intrepid\/?p=11\" target=\"_self\" >Uppl\u00e5st tillv\u00e4xt<\/a><\/h3>\n\n<div class=\"taxonomy-category has-link-color no-underline wp-elements-d7abaae283b6e136badd1b8084ac190f wp-block-post-terms has-text-color has-secondary-color\"><a href=\"https:\/\/rosenbonan.se\/intrepid\/?cat=1\" rel=\"tag\">Uncategorized<\/a><\/div><\/div>\n\n\n\n<div style=\"height:var(--wp--preset--spacing--20)\" aria-hidden=\"true\" class=\"wp-block-spacer\"><\/div>\n<\/div><\/div>\n\n<\/li><\/ul><\/div>\n<\/div>\n<\/div>\n<\/div><\/div>\n","protected":false},"excerpt":{"rendered":"<p>Styrelsens protokoll och viktiga dokument H\u00e4r kan du som medlem i bostadsr\u00e4ttsf\u00f6reningen ta del av publicerade protokoll fr\u00e5n styrelsens m\u00f6ten samt andra viktiga dokument som r\u00f6r f\u00f6reningens verksamhet och f\u00f6rvaltning. Protokoll och beslut H\u00e4r hittar du publicerade styrelseprotokoll och viktiga dokument f\u00f6r bostadsr\u00e4ttsf\u00f6reningen.<\/p>\n","protected":false},"author":1,"featured_media":0,"parent":0,"menu_order":2,"comment_status":"closed","ping_status":"closed","template":"","meta":{"footnotes":""},"class_list":["post-48","page","type-page","status-publish","hentry"],"_links":{"self":[{"href":"https:\/\/rosenbonan.se\/intrepid\/index.php?rest_route=\/wp\/v2\/pages\/48","targetHints":{"allow":["GET"]}}],"collection":[{"href":"https:\/\/rosenbonan.se\/intrepid\/index.php?rest_route=\/wp\/v2\/pages"}],"about":[{"href":"https:\/\/rosenbonan.se\/intrepid\/index.php?rest_route=\/wp\/v2\/types\/page"}],"author":[{"embeddable":true,"href":"https:\/\/rosenbonan.se\/intrepid\/index.php?rest_route=\/wp\/v2\/users\/1"}],"replies":[{"embeddable":true,"href":"https:\/\/rosenbonan.se\/intrepid\/index.php?rest_route=%2Fwp%2Fv2%2Fcomments&post=48"}],"version-history":[{"count":0,"href":"https:\/\/rosenbonan.se\/intrepid\/index.php?rest_route=\/wp\/v2\/pages\/48\/revisions"}],"wp:attachment":[{"href":"https:\/\/rosenbonan.se\/intrepid\/index.php?rest_route=%2Fwp%2Fv2%2Fmedia&parent=48"}],"curies":[{"name":"wp","href":"https:\/\/api.w.org\/{rel}","templated":true}]}}