{"id":36,"date":"2025-10-16T09:02:33","date_gmt":"2025-10-16T07:02:33","guid":{"rendered":"https:\/\/babybild-sfgam.wpcomstaging.com\/team\/"},"modified":"2025-10-18T07:45:47","modified_gmt":"2025-10-18T07:45:47","slug":"team","status":"publish","type":"page","link":"https:\/\/rosenbonan.se\/intrepid\/?page_id=36","title":{"rendered":"Styrelse"},"content":{"rendered":"\n<div class=\"wp-block-group alignfull is-style-default is-content-justification-center\" id=\"page-title-section\" style=\"margin-top:0;margin-bottom:0;padding-top:var(--wp--preset--spacing--40);padding-bottom:var(--wp--preset--spacing--40)\"><div class=\"wp-block-group__inner-container is-layout-constrained wp-block-group-is-layout-constrained\">\n<div class=\"wp-block-columns alignwide is-layout-flex wp-container-core-columns-is-layout-480729ec wp-block-columns-is-layout-flex\">\n<div class=\"wp-block-column is-vertically-aligned-bottom is-layout-flow wp-block-column-is-layout-flow\">\n<figure class=\"wp-block-image size-full\"><img loading=\"lazy\" decoding=\"async\" width=\"1024\" height=\"1024\" src=\"http:\/\/rosenbonan.se\/wp-content\/uploads\/2025\/10\/styrelse.jpeg\" alt=\"The image shows a meeting of five business professionals in a light office room with book case behind them People and obje...\" class=\"wp-image-41\" style=\"aspect-ratio:3\/4;object-fit:cover\" srcset=\"https:\/\/rosenbonan.se\/intrepid\/wp-content\/uploads\/2025\/10\/styrelse.jpeg 1024w, https:\/\/rosenbonan.se\/intrepid\/wp-content\/uploads\/2025\/10\/styrelse-300x300.jpeg 300w, https:\/\/rosenbonan.se\/intrepid\/wp-content\/uploads\/2025\/10\/styrelse-150x150.jpeg 150w, https:\/\/rosenbonan.se\/intrepid\/wp-content\/uploads\/2025\/10\/styrelse-768x768.jpeg 768w\" sizes=\"auto, (max-width: 706px) 89vw, (max-width: 767px) 82vw, 740px\" \/><\/figure>\n<\/div>\n\n\n\n<div class=\"wp-block-column is-vertically-aligned-center is-content-justification-left is-layout-constrained wp-container-core-column-is-layout-635e751a wp-block-column-is-layout-constrained\">\n<h2 class=\"wp-block-heading has-xx-large-font-size\">Styrelse f\u00f6r f\u00f6reningen<\/h2>\n\n\n\n<p class=\"has-medium-font-size\">H\u00e4r presenterar vi f\u00f6reningens styrelsemedlemmar och deras ansvarsomr\u00e5den. Deras arbete \u00e4r viktigt f\u00f6r att s\u00e4kerst\u00e4lla en v\u00e4l fungerande bostadsr\u00e4ttsf\u00f6rening.<\/p>\n<\/div>\n<\/div>\n<\/div><\/div>\n\n\n\n<div class=\"wp-block-group alignfull is-style-default is-content-justification-center\" id=\"team-section\" style=\"margin-top:0;margin-bottom:0;padding-top:var(--wp--preset--spacing--50);padding-bottom:var(--wp--preset--spacing--50)\"><div class=\"wp-block-group__inner-container is-layout-constrained wp-block-group-is-layout-constrained\">\n<h2 class=\"wp-block-heading has-text-align-center is-team-heading\">V\u00e5rt Styrelseteam<\/h2>\n\n\n\n<div class=\"wp-block-group alignwide\"><div class=\"wp-block-group__inner-container is-layout-flow wp-block-group-is-layout-flow\">\n<div class=\"wp-block-group alignwide\"><div class=\"wp-block-group__inner-container is-layout-flow wp-block-group-is-layout-flow\">\n<div class=\"wp-block-columns alignwide is-layout-flex wp-container-core-columns-is-layout-4d823525 wp-block-columns-is-layout-flex\">\n<div class=\"wp-block-column is-layout-flow wp-block-column-is-layout-flow\">\n\n\n<h3 class=\"wp-block-heading has-text-align-center ai-ignore has-small-font-size\">Harum<\/h3>\n<\/div>\n\n\n\n<div class=\"wp-block-column is-layout-flow wp-block-column-is-layout-flow\">\n\n\n<h3 class=\"wp-block-heading has-text-align-center ai-ignore has-small-font-size\">Ida<\/h3>\n<\/div>\n\n\n\n<div class=\"wp-block-column is-layout-flow wp-block-column-is-layout-flow\">\n\n\n<h3 class=\"wp-block-heading has-text-align-center ai-ignore has-small-font-size\">Claes<\/h3>\n<\/div>\n\n\n\n<div class=\"wp-block-column is-layout-flow wp-block-column-is-layout-flow\">\n\n\n<h3 class=\"wp-block-heading has-text-align-center ai-ignore has-small-font-size\">XX<\/h3>\n<\/div>\n<\/div>\n<\/div><\/div>\n\n\n\n<div class=\"wp-block-group alignwide\"><div class=\"wp-block-group__inner-container is-layout-flow wp-block-group-is-layout-flow\">\n<div class=\"wp-block-columns alignwide is-layout-flex wp-container-core-columns-is-layout-4d823525 wp-block-columns-is-layout-flex\">\n<div class=\"wp-block-column is-layout-flow wp-block-column-is-layout-flow\">\n\n\n<h3 class=\"wp-block-heading has-text-align-center ai-ignore has-small-font-size\">XX<\/h3>\n<\/div>\n\n\n\n<div class=\"wp-block-column is-layout-flow wp-block-column-is-layout-flow\">\n\n\n<h3 class=\"wp-block-heading has-text-align-center ai-ignore has-small-font-size\">XX<\/h3>\n<\/div>\n\n\n\n<div class=\"wp-block-column is-layout-flow wp-block-column-is-layout-flow\">\n\n\n<h3 class=\"wp-block-heading has-text-align-center ai-ignore has-small-font-size\">XX<\/h3>\n<\/div>\n\n\n\n<div class=\"wp-block-column is-layout-flow wp-block-column-is-layout-flow\">\n\n\n<h3 class=\"wp-block-heading has-text-align-center ai-ignore has-small-font-size\">XX<\/h3>\n<\/div>\n<\/div>\n<\/div><\/div>\n<\/div><\/div>\n<\/div><\/div>\n\n\n\n<p><\/p>\n","protected":false},"excerpt":{"rendered":"<p>Styrelse f\u00f6r f\u00f6reningen H\u00e4r presenterar vi f\u00f6reningens styrelsemedlemmar och deras ansvarsomr\u00e5den. Deras arbete \u00e4r viktigt f\u00f6r att s\u00e4kerst\u00e4lla en v\u00e4l fungerande bostadsr\u00e4ttsf\u00f6rening. V\u00e5rt Styrelseteam Harum Ida Claes XX XX XX XX XX<\/p>\n","protected":false},"author":1,"featured_media":0,"parent":0,"menu_order":1,"comment_status":"closed","ping_status":"closed","template":"","meta":{"footnotes":""},"class_list":["post-36","page","type-page","status-publish","hentry"],"_links":{"self":[{"href":"https:\/\/rosenbonan.se\/intrepid\/index.php?rest_route=\/wp\/v2\/pages\/36","targetHints":{"allow":["GET"]}}],"collection":[{"href":"https:\/\/rosenbonan.se\/intrepid\/index.php?rest_route=\/wp\/v2\/pages"}],"about":[{"href":"https:\/\/rosenbonan.se\/intrepid\/index.php?rest_route=\/wp\/v2\/types\/page"}],"author":[{"embeddable":true,"href":"https:\/\/rosenbonan.se\/intrepid\/index.php?rest_route=\/wp\/v2\/users\/1"}],"replies":[{"embeddable":true,"href":"https:\/\/rosenbonan.se\/intrepid\/index.php?rest_route=%2Fwp%2Fv2%2Fcomments&post=36"}],"version-history":[{"count":3,"href":"https:\/\/rosenbonan.se\/intrepid\/index.php?rest_route=\/wp\/v2\/pages\/36\/revisions"}],"predecessor-version":[{"id":91,"href":"https:\/\/rosenbonan.se\/intrepid\/index.php?rest_route=\/wp\/v2\/pages\/36\/revisions\/91"}],"wp:attachment":[{"href":"https:\/\/rosenbonan.se\/intrepid\/index.php?rest_route=%2Fwp%2Fv2%2Fmedia&parent=36"}],"curies":[{"name":"wp","href":"https:\/\/api.w.org\/{rel}","templated":true}]}}