{"id":8,"date":"2025-10-16T08:56:40","date_gmt":"2025-10-16T06:56:40","guid":{"rendered":"https:\/\/babybild-sfgam.wpcomstaging.com\/home\/"},"modified":"2025-10-18T07:54:11","modified_gmt":"2025-10-18T07:54:11","slug":"home","status":"publish","type":"page","link":"https:\/\/rosenbonan.se\/","title":{"rendered":"Rosenb\u00f6nan"},"content":{"rendered":"\n<div class=\"wp-block-group alignfull is-style-default is-content-justification-center\" id=\"about-section\" style=\"margin-top:0;margin-bottom:0;padding-top:var(--wp--preset--spacing--40);padding-bottom:var(--wp--preset--spacing--40)\"><div class=\"wp-block-group__inner-container is-layout-constrained wp-block-group-is-layout-constrained\">\n<div class=\"wp-block-columns alignwide is-layout-flex wp-container-core-columns-is-layout-480729ec wp-block-columns-is-layout-flex\">\n<div class=\"wp-block-column is-vertically-aligned-center is-layout-flow wp-block-column-is-layout-flow\">\n<div class=\"wp-block-group alignfull is-vertical is-content-justification-center is-layout-flex wp-container-core-group-is-layout-6e30568d wp-block-group-is-layout-flex\" style=\"min-height:100%;padding-top:0;padding-right:0;padding-bottom:0;padding-left:0\">\n<p class=\"ai-ignore\">F\u00f6rr\u00e5ds- och V\u00e4rmesamf\u00e4lligheten Rosenb\u00f6nan \u00e4r en aktiv f\u00f6rening som ansvarar f\u00f6r sk\u00f6tsel och f\u00f6rvaltning av v\u00e5rt gemensamma boende.<\/p>\n\n\n\n<h2 class=\"wp-block-heading has-text-align-center\">Om f\u00f6reningen<\/h2>\n\n\n\n<div style=\"height:0px\" aria-hidden=\"true\" class=\"wp-block-spacer wp-container-content-7cd39ab2\"><\/div>\n\n\n\n<div class=\"wp-block-buttons is-layout-flex wp-block-buttons-is-layout-flex\">\n<div class=\"wp-block-button is-style-fill\"><a class=\"wp-block-button__link wp-element-button\" href=\"\/intrepid\/?page_id=36\">Styrelsen<\/a><\/div>\n<\/div>\n<\/div>\n<\/div>\n\n\n\n<div class=\"wp-block-column is-layout-flow wp-block-column-is-layout-flow\">\n<figure class=\"wp-block-image size-full\"><img loading=\"lazy\" decoding=\"async\" width=\"1024\" height=\"1536\" src=\"http:\/\/rosenbonan.se\/wp-content\/uploads\/2025\/10\/bostadsrattsforening-6.jpeg\" alt=\"En gatuperspektiv p\u00e5 andra v\u00e5ningen med en balkong och stora f\u00f6nster.\" class=\"wp-image-32\" style=\"aspect-ratio:3\/4;object-fit:cover\" srcset=\"https:\/\/rosenbonan.se\/wp-content\/uploads\/2025\/10\/bostadsrattsforening-6.jpeg 1024w, https:\/\/rosenbonan.se\/wp-content\/uploads\/2025\/10\/bostadsrattsforening-6-200x300.jpeg 200w, https:\/\/rosenbonan.se\/wp-content\/uploads\/2025\/10\/bostadsrattsforening-6-683x1024.jpeg 683w, https:\/\/rosenbonan.se\/wp-content\/uploads\/2025\/10\/bostadsrattsforening-6-768x1152.jpeg 768w\" sizes=\"auto, (max-width: 706px) 89vw, (max-width: 767px) 82vw, 740px\" \/><\/figure>\n<\/div>\n<\/div>\n<\/div><\/div>\n\n\n\n<div class=\"wp-block-group alignfull is-style-default is-content-justification-center\" id=\"gallery-section\" style=\"margin-top:0;margin-bottom:0;padding-top:var(--wp--preset--spacing--40);padding-bottom:var(--wp--preset--spacing--40)\"><div class=\"wp-block-group__inner-container is-layout-constrained wp-block-group-is-layout-constrained\">\n<div class=\"wp-block-columns alignwide is-layout-flex wp-container-core-columns-is-layout-9d6595d7 wp-block-columns-is-layout-flex\">\n<div class=\"wp-block-column is-layout-flow wp-block-column-is-layout-flow\" style=\"flex-basis:50%\">\n<figure class=\"wp-block-image size-full\"><img loading=\"lazy\" decoding=\"async\" width=\"1024\" height=\"1024\" src=\"http:\/\/rosenbonan.se\/wp-content\/uploads\/2025\/10\/bostadstillgang.jpeg\" alt=\"Husheh\u00e4ndelse.\" class=\"wp-image-39\" style=\"aspect-ratio:3\/4;object-fit:cover\" srcset=\"https:\/\/rosenbonan.se\/wp-content\/uploads\/2025\/10\/bostadstillgang.jpeg 1024w, https:\/\/rosenbonan.se\/wp-content\/uploads\/2025\/10\/bostadstillgang-300x300.jpeg 300w, https:\/\/rosenbonan.se\/wp-content\/uploads\/2025\/10\/bostadstillgang-150x150.jpeg 150w, https:\/\/rosenbonan.se\/wp-content\/uploads\/2025\/10\/bostadstillgang-768x768.jpeg 768w\" sizes=\"auto, (max-width: 706px) 89vw, (max-width: 767px) 82vw, 740px\" \/><\/figure>\n\n\n\n<div class=\"wp-block-group is-content-justification-left\"><div class=\"wp-block-group__inner-container is-layout-constrained wp-container-core-group-is-layout-20df3ff9 wp-block-group-is-layout-constrained\">\n<p>V\u00e4lkommen till v\u00e5r samf\u00e4llighet, d\u00e4r vi gemensamt skapar en trivsam och trygg boendemilj\u00f6. H\u00e4r finner du bilder som speglar v\u00e5r gemenskap och v\u00e5ra gemensamma ytor, vilket st\u00e4rker k\u00e4nslan av samh\u00f6righet och ger potentiella medlemmar en inblick i v\u00e5r vardag.<\/p>\n<\/div><\/div>\n<\/div>\n\n\n\n<div class=\"wp-block-column is-layout-flow wp-block-column-is-layout-flow\" style=\"flex-basis:50%\"><\/div>\n<\/div>\n\n\n\n<div class=\"wp-block-columns alignwide is-layout-flex wp-container-core-columns-is-layout-9d6595d7 wp-block-columns-is-layout-flex\">\n<div class=\"wp-block-column is-layout-flow wp-block-column-is-layout-flow\" style=\"flex-basis:50%\"><\/div>\n\n\n\n<div class=\"wp-block-column is-layout-flow wp-block-column-is-layout-flow\" style=\"flex-basis:50%\">\n<figure class=\"wp-block-image size-full\"><img decoding=\"async\" src=\"http:\/\/rosenbonan.se\/wp-content\/uploads\/2025\/10\/bostadsrattsforening.jpeg\" alt=\"Secured entrance interacting with text reader. secured entrance at an office building or dwelling interactive with elderly...\" style=\"aspect-ratio:3\/4;object-fit:cover\"\/><\/figure>\n\n\n\n<div class=\"wp-block-group is-content-justification-left\"><div class=\"wp-block-group__inner-container is-layout-constrained wp-container-core-group-is-layout-20df3ff9 wp-block-group-is-layout-constrained\">\n<p>Utforska v\u00e5ra bildgallerier f\u00f6r att f\u00e5 en visuell upplevelse av v\u00e5rt boende och dess atmosf\u00e4r. H\u00e4r hittar du bilder av v\u00e5ra gemensamma utrymmen, tr\u00e4dg\u00e5rdar och aktiviteter som visar vilken social och trivsamt gemenskap vi erbjuder.<\/p>\n<\/div><\/div>\n<\/div>\n<\/div>\n<\/div><\/div>\n\n\n\n<div class=\"wp-block-group alignfull is-style-default is-content-justification-center\" id=\"general-section\" style=\"margin-top:0;margin-bottom:0;padding-top:var(--wp--preset--spacing--40);padding-bottom:var(--wp--preset--spacing--40)\"><div class=\"wp-block-group__inner-container is-layout-constrained wp-block-group-is-layout-constrained\">\n<div class=\"wp-block-columns alignwide are-vertically-aligned-center is-layout-flex wp-container-core-columns-is-layout-480729ec wp-block-columns-is-layout-flex\">\n<div class=\"wp-block-column is-vertically-aligned-center is-layout-flow wp-block-column-is-layout-flow\">\n<figure class=\"wp-block-image size-full\"><img loading=\"lazy\" decoding=\"async\" width=\"1024\" height=\"1024\" src=\"http:\/\/rosenbonan.se\/wp-content\/uploads\/2025\/10\/bostadstillgang.jpeg\" alt=\"Husheh\u00e4ndelse.\" class=\"wp-image-39\" style=\"aspect-ratio:1;object-fit:cover\" srcset=\"https:\/\/rosenbonan.se\/wp-content\/uploads\/2025\/10\/bostadstillgang.jpeg 1024w, https:\/\/rosenbonan.se\/wp-content\/uploads\/2025\/10\/bostadstillgang-300x300.jpeg 300w, https:\/\/rosenbonan.se\/wp-content\/uploads\/2025\/10\/bostadstillgang-150x150.jpeg 150w, https:\/\/rosenbonan.se\/wp-content\/uploads\/2025\/10\/bostadstillgang-768x768.jpeg 768w\" sizes=\"auto, (max-width: 706px) 89vw, (max-width: 767px) 82vw, 740px\" \/><\/figure>\n<\/div>\n\n\n\n<div class=\"wp-block-column is-vertically-aligned-center is-layout-flow wp-block-column-is-layout-flow\">\n<h2 class=\"wp-block-heading alignwide\">Samf\u00e4llighetens eventprogram<\/h2>\n\n\n\n<p>H\u00e4r hittar du information om kommande m\u00f6ten, sociala aktiviteter och andra samlingar f\u00f6r medlemmar i f\u00f6reningen. Delta g\u00e4rna f\u00f6r att tr\u00e4ffa grannar och p\u00e5verka f\u00f6reningens framtid.<\/p>\n\n\n\n<div class=\"wp-block-buttons is-layout-flex wp-block-buttons-is-layout-flex\">\n<div class=\"wp-block-button\"><a class=\"wp-block-button__link wp-element-button\" href=\"http:\/\/rosenbonan.se\/\">L\u00e4s mer<\/a><\/div>\n<\/div>\n<\/div>\n<\/div>\n<\/div><\/div>\n","protected":false},"excerpt":{"rendered":"<p>F\u00f6rr\u00e5ds- och V\u00e4rmesamf\u00e4lligheten Rosenb\u00f6nan \u00e4r en aktiv f\u00f6rening som ansvarar f\u00f6r sk\u00f6tsel och f\u00f6rvaltning av v\u00e5rt gemensamma boende. Om f\u00f6reningen V\u00e4lkommen till v\u00e5r samf\u00e4llighet, d\u00e4r vi gemensamt skapar en trivsam och trygg boendemilj\u00f6. H\u00e4r finner du bilder som speglar v\u00e5r gemenskap och v\u00e5ra gemensamma ytor, vilket st\u00e4rker k\u00e4nslan av samh\u00f6righet och ger potentiella medlemmar en &hellip; <\/p>\n<p class=\"link-more\"><a href=\"https:\/\/rosenbonan.se\/\" class=\"more-link\">Forts\u00e4tt l\u00e4sa<span class=\"screen-reader-text\"> \u201dRosenb\u00f6nan\u201d<\/span><\/a><\/p>\n","protected":false},"author":1,"featured_media":0,"parent":0,"menu_order":0,"comment_status":"closed","ping_status":"closed","template":"template-page-w-hero","meta":{"footnotes":""},"class_list":["post-8","page","type-page","status-publish","hentry"],"_links":{"self":[{"href":"https:\/\/rosenbonan.se\/index.php?rest_route=\/wp\/v2\/pages\/8","targetHints":{"allow":["GET"]}}],"collection":[{"href":"https:\/\/rosenbonan.se\/index.php?rest_route=\/wp\/v2\/pages"}],"about":[{"href":"https:\/\/rosenbonan.se\/index.php?rest_route=\/wp\/v2\/types\/page"}],"author":[{"embeddable":true,"href":"https:\/\/rosenbonan.se\/index.php?rest_route=\/wp\/v2\/users\/1"}],"replies":[{"embeddable":true,"href":"https:\/\/rosenbonan.se\/index.php?rest_route=%2Fwp%2Fv2%2Fcomments&post=8"}],"version-history":[{"count":9,"href":"https:\/\/rosenbonan.se\/index.php?rest_route=\/wp\/v2\/pages\/8\/revisions"}],"predecessor-version":[{"id":95,"href":"https:\/\/rosenbonan.se\/index.php?rest_route=\/wp\/v2\/pages\/8\/revisions\/95"}],"wp:attachment":[{"href":"https:\/\/rosenbonan.se\/index.php?rest_route=%2Fwp%2Fv2%2Fmedia&parent=8"}],"curies":[{"name":"wp","href":"https:\/\/api.w.org\/{rel}","templated":true}]}}