{"id":37,"date":"2025-10-16T09:02:35","date_gmt":"2025-10-16T07:02:35","guid":{"rendered":"https:\/\/babybild-sfgam.wpcomstaging.com\/contact\/"},"modified":"2025-10-18T07:49:41","modified_gmt":"2025-10-18T07:49:41","slug":"contact","status":"publish","type":"page","link":"https:\/\/rosenbonan.se\/?page_id=37","title":{"rendered":"Kontakt"},"content":{"rendered":"\n<div class=\"wp-block-group alignfull is-style-default is-content-justification-center\" id=\"page-title-section\" style=\"margin-top:0;margin-bottom:0;padding-top:var(--wp--preset--spacing--40);padding-bottom:var(--wp--preset--spacing--40)\"><div class=\"wp-block-group__inner-container is-layout-constrained wp-block-group-is-layout-constrained\">\n<div class=\"wp-block-columns alignwide is-layout-flex wp-container-core-columns-is-layout-480729ec wp-block-columns-is-layout-flex\">\n<div class=\"wp-block-column is-vertically-aligned-bottom is-layout-flow wp-block-column-is-layout-flow\">\n<figure class=\"wp-block-image size-full\"><img loading=\"lazy\" decoding=\"async\" width=\"1024\" height=\"1024\" src=\"http:\/\/rosenbonan.se\/wp-content\/uploads\/2025\/10\/kontaktuppgifter.jpeg\" alt=\"Ett foto av en smartphone med en gammal telefonhandske varvid den erbjuder ett enkelt m\u00e5ngformigt alternativ till ett konv...\" class=\"wp-image-38\" style=\"aspect-ratio:3\/4;object-fit:cover\" srcset=\"https:\/\/rosenbonan.se\/wp-content\/uploads\/2025\/10\/kontaktuppgifter.jpeg 1024w, https:\/\/rosenbonan.se\/wp-content\/uploads\/2025\/10\/kontaktuppgifter-300x300.jpeg 300w, https:\/\/rosenbonan.se\/wp-content\/uploads\/2025\/10\/kontaktuppgifter-150x150.jpeg 150w, https:\/\/rosenbonan.se\/wp-content\/uploads\/2025\/10\/kontaktuppgifter-768x768.jpeg 768w\" sizes=\"auto, (max-width: 706px) 89vw, (max-width: 767px) 82vw, 740px\" \/><\/figure>\n<\/div>\n\n\n\n<div class=\"wp-block-column is-vertically-aligned-center is-content-justification-left is-layout-constrained wp-container-core-column-is-layout-635e751a wp-block-column-is-layout-constrained\">\n<h2 class=\"wp-block-heading has-xx-large-font-size\">Kontaktuppgifter f\u00f6r f\u00f6reningen<\/h2>\n\n\n\n<p class=\"has-medium-font-size\">H\u00e4r hittar du kontaktuppgifter till styrelse och fastighetssk\u00f6tare f\u00f6r bostadsr\u00e4ttsf\u00f6reningen. Tveka inte att kontakta oss f\u00f6r fr\u00e5gor eller information om ditt boende.<\/p>\n<\/div>\n<\/div>\n<\/div><\/div>\n\n\n\n<div class=\"wp-block-group alignfull is-style-default is-content-justification-center\" id=\"contact-section\" style=\"margin-top:0;margin-bottom:0;padding-top:var(--wp--preset--spacing--40);padding-bottom:var(--wp--preset--spacing--40)\"><div class=\"wp-block-group__inner-container is-layout-constrained wp-block-group-is-layout-constrained\">\n<div class=\"wp-block-group\"><div class=\"wp-block-group__inner-container is-layout-constrained wp-container-core-group-is-layout-1b557b93 wp-block-group-is-layout-constrained\">\n<div class=\"wp-block-group alignwide is-vertical is-content-justification-center is-layout-flex wp-container-core-group-is-layout-4b2eccd6 wp-block-group-is-layout-flex\">\n<h2 class=\"wp-block-heading alignwide has-text-align-center\" style=\"margin-top:0;margin-bottom:0\">Kontakta oss<\/h2>\n\n\n\n<p class=\"has-text-align-center is-contact-description\">Kontakta styrelsen eller fastighetssk\u00f6taren f\u00f6r fr\u00e5gor om boendet. Snabb hj\u00e4lp finns tillg\u00e4nglig f\u00f6r boende och intressenter.<\/p>\n<\/div>\n\n\n\n<div class=\"wp-block-jetpack-contact-form is-style-default\">\n<div>\n<\/div>\n<div>\n<\/div>\n<div>\n<\/div>\n<\/div>\n<\/div><\/div>\n<\/div><\/div>\n","protected":false},"excerpt":{"rendered":"<p>Kontaktuppgifter f\u00f6r f\u00f6reningen H\u00e4r hittar du kontaktuppgifter till styrelse och fastighetssk\u00f6tare f\u00f6r bostadsr\u00e4ttsf\u00f6reningen. Tveka inte att kontakta oss f\u00f6r fr\u00e5gor eller information om ditt boende. Kontakta oss Kontakta styrelsen eller fastighetssk\u00f6taren f\u00f6r fr\u00e5gor om boendet. Snabb hj\u00e4lp finns tillg\u00e4nglig f\u00f6r boende och intressenter.<\/p>\n","protected":false},"author":1,"featured_media":0,"parent":0,"menu_order":3,"comment_status":"closed","ping_status":"closed","template":"","meta":{"footnotes":""},"class_list":["post-37","page","type-page","status-publish","hentry"],"_links":{"self":[{"href":"https:\/\/rosenbonan.se\/index.php?rest_route=\/wp\/v2\/pages\/37","targetHints":{"allow":["GET"]}}],"collection":[{"href":"https:\/\/rosenbonan.se\/index.php?rest_route=\/wp\/v2\/pages"}],"about":[{"href":"https:\/\/rosenbonan.se\/index.php?rest_route=\/wp\/v2\/types\/page"}],"author":[{"embeddable":true,"href":"https:\/\/rosenbonan.se\/index.php?rest_route=\/wp\/v2\/users\/1"}],"replies":[{"embeddable":true,"href":"https:\/\/rosenbonan.se\/index.php?rest_route=%2Fwp%2Fv2%2Fcomments&post=37"}],"version-history":[{"count":2,"href":"https:\/\/rosenbonan.se\/index.php?rest_route=\/wp\/v2\/pages\/37\/revisions"}],"predecessor-version":[{"id":93,"href":"https:\/\/rosenbonan.se\/index.php?rest_route=\/wp\/v2\/pages\/37\/revisions\/93"}],"wp:attachment":[{"href":"https:\/\/rosenbonan.se\/index.php?rest_route=%2Fwp%2Fv2%2Fmedia&parent=37"}],"curies":[{"name":"wp","href":"https:\/\/api.w.org\/{rel}","templated":true}]}}